{"id":530,"date":"2015-03-25T22:26:46","date_gmt":"2015-03-25T22:26:46","guid":{"rendered":"http:\/\/svfvqqx.cluster100.hosting.ovh.net\/?page_id=530"},"modified":"2024-03-16T13:18:10","modified_gmt":"2024-03-16T13:18:10","slug":"eliminacion-tatuajes-laser-borrar-tattoo","status":"publish","type":"page","link":"https:\/\/tattooviper.com\/ca\/eliminacion-tatuajes-laser-borrar-tattoo\/","title":{"rendered":"Eliminaci\u00f3 de Tatuatges"},"content":{"rendered":"<div class=\"wpb-content-wrapper\"><p>[vc_row][vc_column][vc_empty_space height=&#8221;65px&#8221;][\/vc_column][\/vc_row][vc_row][vc_column width=&#8221;2\/3&#8243;][vc_column_text]<\/p>\n<h2>L\u00e1ser Ink Hunter Master<\/h2>\n<p>[\/vc_column_text][vc_empty_space]<div class='wolf-single-image text-center hover-none default'><span class='image-item'><img src='https:\/\/tattooviper.com\/wp-content\/uploads\/2017\/12\/maquina-laser-eliminacion-tatuajes-tattoo-removal-machine-1024x814.jpg' alt='L\u00e1ser-Ink-Hunter-Master-maquina-eliminacion-tatuajes-tattoo-removal-machine'  class=''><\/span><\/div>[\/vc_column][vc_column width=&#8221;1\/3&#8243;][vc_column_text]<\/p>\n<p style=\"text-align: center;\"><strong>Abans i despr\u00e9s de realitzar l&#8217;eliminaci\u00f3 del pigment amb L\u00e1ser Ink Hunter Master.<\/strong><strong><a href=\"http:\/\/svfvqqx.cluster100.hosting.ovh.net\/wp-content\/uploads\/2015\/03\/Dise\u00f1o-sin-t\u00edtulo-2.png\"><img loading=\"lazy\" decoding=\"async\" class=\"wp-image-962 alignleft\" src=\"http:\/\/svfvqqx.cluster100.hosting.ovh.net\/wp-content\/uploads\/2015\/03\/Dise\u00f1o-sin-t\u00edtulo-2.png\" alt=\"borrar tauajes eliminar quitar\" width=\"366\" height=\"366\" srcset=\"https:\/\/tattooviper.com\/wp-content\/uploads\/2015\/03\/Dise\u00f1o-sin-t\u00edtulo-2.png 800w, https:\/\/tattooviper.com\/wp-content\/uploads\/2015\/03\/Dise\u00f1o-sin-t\u00edtulo-2-150x150.png 150w, https:\/\/tattooviper.com\/wp-content\/uploads\/2015\/03\/Dise\u00f1o-sin-t\u00edtulo-2-300x300.png 300w, https:\/\/tattooviper.com\/wp-content\/uploads\/2015\/03\/Dise\u00f1o-sin-t\u00edtulo-2-768x768.png 768w\" sizes=\"auto, (max-width: 366px) 100vw, 366px\" \/><\/a><\/strong><\/p>\n<p>[\/vc_column_text][vc_column_text]Comptem amb la m\u00e9s alta qualitat de m\u00e0quines laser d&#8217;<b>eliminaci\u00f3 de tatuatges<\/b>\u00a0 que hi ha al mercat.\u00a0<strong>INK HUNTER MASTER<\/strong><br \/>\nPassa pel nostre estudi a Castelldefels i t&#8217;<strong>assessorarem<\/strong> personalment sobre <strong>com esborrar un tattoo<\/strong> de la forma m\u00e9s correcta i adaptada a tu.[\/vc_column_text][vc_empty_space]<div class='wolf-alert success'>\r\n\t\t<p><i class='fa fa-thumbs-o-up fa-lg'><\/i>Fes la teva consulta, env\u00edans una fotografia del teu tatuatge i t'asesorarem sense cap compromis.<\/p><\/div><div class='call-to-action clearfix'><div class=\"call-to-action-text\"><h4 class='call-to-action-title'>INFO@TATTOOVIPER.COM<\/h4><\/div><div class=\"call-to-action-button\"><a  class='wolf-button small square icon_after accent-color' href='' target='_self'>CONTACTA<\/a><\/div><\/div>[\/vc_column][\/vc_row][vc_row][vc_column width=&#8221;1\/2&#8243;][vc_empty_space]<div class='wolf-single-image text-center hover-none default'><span class='image-item'><img src='https:\/\/tattooviper.com\/wp-content\/uploads\/2024\/03\/IMG-20240314-WA0006-570x1024.jpg' alt=''  class=''><\/span><\/div>[\/vc_column][vc_column width=&#8221;1\/2&#8243;][vc_empty_space]<div class='wolf-single-image text-center hover-none default'><span class='image-item'><img src='https:\/\/tattooviper.com\/wp-content\/uploads\/2024\/03\/IMG-20240314-WA0005-576x1024.jpg' alt=''  class=''><\/span><\/div>[\/vc_column][\/vc_row][vc_row][vc_column][vc_empty_space height=&#8221;65px&#8221;][\/vc_column][\/vc_row]<\/p>\n<\/div>","protected":false},"excerpt":{"rendered":"<p>[vc_row][vc_column][vc_empty_space height=&#8221;65px&#8221;][\/vc_column][\/vc_row][vc_row][vc_column width=&#8221;2\/3&#8243;][vc_column_text] L\u00e1ser Ink Hunter Master [\/vc_column_text][vc_empty_space][\/vc_column][vc_column width=&#8221;1\/3&#8243;][vc_column_text] Abans i despr\u00e9s de realitzar l&#8217;eliminaci\u00f3 del pigment amb L\u00e1ser Ink Hunter Master. [\/vc_column_text][vc_column_text]Comptem amb la m\u00e9s alta qualitat de m\u00e0quines&#8230;<\/p>\n<p><a rel=\"bookmark\" class=\"more-link wolf-button border-button-accent-hover\" href=\"https:\/\/tattooviper.com\/ca\/eliminacion-tatuajes-laser-borrar-tattoo\/\">Continue reading &rarr;<\/a><\/p>\n","protected":false},"author":1,"featured_media":0,"parent":0,"menu_order":0,"comment_status":"closed","ping_status":"open","template":"","meta":{"_monsterinsights_skip_tracking":false,"_monsterinsights_sitenote_active":false,"_monsterinsights_sitenote_note":"","_monsterinsights_sitenote_category":0,"_joinchat":[],"footnotes":""},"class_list":["post-530","page","type-page","status-publish","hentry","no-thumbnail","text-only"],"aioseo_notices":[],"_links":{"self":[{"href":"https:\/\/tattooviper.com\/ca\/wp-json\/wp\/v2\/pages\/530","targetHints":{"allow":["GET"]}}],"collection":[{"href":"https:\/\/tattooviper.com\/ca\/wp-json\/wp\/v2\/pages"}],"about":[{"href":"https:\/\/tattooviper.com\/ca\/wp-json\/wp\/v2\/types\/page"}],"author":[{"embeddable":true,"href":"https:\/\/tattooviper.com\/ca\/wp-json\/wp\/v2\/users\/1"}],"replies":[{"embeddable":true,"href":"https:\/\/tattooviper.com\/ca\/wp-json\/wp\/v2\/comments?post=530"}],"version-history":[{"count":129,"href":"https:\/\/tattooviper.com\/ca\/wp-json\/wp\/v2\/pages\/530\/revisions"}],"predecessor-version":[{"id":2494,"href":"https:\/\/tattooviper.com\/ca\/wp-json\/wp\/v2\/pages\/530\/revisions\/2494"}],"wp:attachment":[{"href":"https:\/\/tattooviper.com\/ca\/wp-json\/wp\/v2\/media?parent=530"}],"curies":[{"name":"wp","href":"https:\/\/api.w.org\/{rel}","templated":true}]}}