{"id":48,"date":"2014-05-04T19:56:58","date_gmt":"2014-05-04T19:56:58","guid":{"rendered":"http:\/\/svfvqqx.cluster100.hosting.ovh.net\/?page_id=48"},"modified":"2024-03-16T10:22:56","modified_gmt":"2024-03-16T10:22:56","slug":"contacto","status":"publish","type":"page","link":"https:\/\/tattooviper.com\/ca\/contacto\/","title":{"rendered":"Contacte"},"content":{"rendered":"<div class=\"wpb-content-wrapper\"><p>[vc_row content_type=&#8221;full&#8221; background_image=&#8221;0&#8243;][vc_column][vc_raw_html]JTNDaWZyYW1lJTIwc3JjJTNEJTIyaHR0cHMlM0ElMkYlMkZ3d3cuZ29vZ2xlLmNvbSUyRm1hcHMlMkZlbWJlZCUzRnBiJTNEJTIxMW0xNCUyMTFtOCUyMTFtMyUyMTFkMTQ5OS4xMjUwMDQ3Njg2MzU2JTIxMmQxLjk4MDY4NzAwMDAwMDAwMDMlMjEzZDQxLjI4MTY2MyUyMTNtMiUyMTFpMTAyNCUyMTJpNzY4JTIxNGYxMy4xJTIxM20zJTIxMW0yJTIxMXMweDAlMjUzQTB4NmY4MWVkYmYyYWVjNjE2ZCUyMTJzVGF0dG9vJTI1MjBWaXBlciUyMTVlMCUyMTNtMiUyMTFzZXMlMjEyc2VzJTIxNHYxNTk4NjA3OTU3NjQzJTIxNW0yJTIxMXNlcyUyMTJzZXMlMjIlMjB3aWR0aCUzRCUyMjEwMCUyNSUyMiUyMGhlaWdodCUzRCUyMjM1MCUyMiUyMGZyYW1lYm9yZGVyJTNEJTIyMCUyMiUyMHN0eWxlJTNEJTIyYm9yZGVyJTNBMCUzQiUyMiUyMGFsbG93ZnVsbHNjcmVlbiUzRCUyMiUyMiUyMGFyaWEtaGlkZGVuJTNEJTIyZmFsc2UlMjIlMjB0YWJpbmRleCUzRCUyMjAlMjIlM0UlM0MlMkZpZnJhbWUlM0U=[\/vc_raw_html][vc_empty_space][vc_empty_space][\/vc_column][\/vc_row][vc_row][vc_column width=&#8221;1\/2&#8243;][vc_column_text]<\/p>\n<h2>Formulari de contacte<\/h2>\n<p>Omple les seves dades per poder respondre al seu missatge.<br \/>\n\n<div class=\"wpcf7 no-js\" id=\"wpcf7-f4-o2\" lang=\"ca\" dir=\"ltr\" data-wpcf7-id=\"4\">\n<div class=\"screen-reader-response\"><p role=\"status\" aria-live=\"polite\" aria-atomic=\"true\"><\/p> <ul><\/ul><\/div>\n<form action=\"\/ca\/wp-json\/wp\/v2\/pages\/48#wpcf7-f4-o2\" method=\"post\" class=\"wpcf7-form init\" aria-label=\"Formulari de contacte\" enctype=\"multipart\/form-data\" novalidate=\"novalidate\" data-status=\"init\">\n<fieldset class=\"hidden-fields-container\"><input type=\"hidden\" name=\"_wpcf7\" value=\"4\" \/><input type=\"hidden\" name=\"_wpcf7_version\" value=\"6.1.5\" \/><input type=\"hidden\" name=\"_wpcf7_locale\" value=\"ca\" \/><input type=\"hidden\" name=\"_wpcf7_unit_tag\" value=\"wpcf7-f4-o2\" \/><input type=\"hidden\" name=\"_wpcf7_container_post\" value=\"0\" \/><input type=\"hidden\" name=\"_wpcf7_posted_data_hash\" value=\"\" \/><input type=\"hidden\" name=\"_wpcf7_recaptcha_response\" value=\"\" \/>\n<\/fieldset>\n<p>Su nombre <span class=\"wpcf7-form-control-wrap\" data-name=\"your-name\"><input size=\"40\" maxlength=\"400\" class=\"wpcf7-form-control wpcf7-text wpcf7-validates-as-required\" aria-required=\"true\" aria-invalid=\"false\" value=\"\" type=\"text\" name=\"your-name\" \/><\/span><br \/>\nSu email <span class=\"wpcf7-form-control-wrap\" data-name=\"your-email\"><input size=\"40\" maxlength=\"400\" class=\"wpcf7-form-control wpcf7-email wpcf7-validates-as-required wpcf7-text wpcf7-validates-as-email\" aria-required=\"true\" aria-invalid=\"false\" value=\"\" type=\"email\" name=\"your-email\" \/><\/span><br \/>\nTel\u00e9fono <span class=\"wpcf7-form-control-wrap\" data-name=\"tel-496\"><input size=\"40\" maxlength=\"400\" class=\"wpcf7-form-control wpcf7-tel wpcf7-validates-as-required wpcf7-text wpcf7-validates-as-tel\" aria-required=\"true\" aria-invalid=\"false\" value=\"\" type=\"tel\" name=\"tel-496\" \/><\/span>\n<\/p>\n<p>Deseas informaci\u00f3n sobre: <span class=\"wpcf7-form-control-wrap\" data-name=\"menu-122\"><select class=\"wpcf7-form-control wpcf7-select wpcf7-validates-as-required\" aria-required=\"true\" aria-invalid=\"false\" name=\"menu-122\"><option value=\"Escoge una opci\u00f3n\">Escoge una opci\u00f3n<\/option><option value=\"Hacer un tatuaje\">Hacer un tatuaje<\/option><option value=\"Hacer piercing\">Hacer piercing<\/option><option value=\"Eliminar tatuaje\">Eliminar tatuaje<\/option><\/select><\/span>\n<\/p>\n<p>Adjuntar imagen: <span class=\"wpcf7-form-control-wrap\" data-name=\"file-725\"><input size=\"40\" class=\"wpcf7-form-control wpcf7-file\" accept=\"audio\/*,video\/*,image\/*\" aria-invalid=\"false\" type=\"file\" name=\"file-725\" \/><\/span>\n<\/p>\n<p>Asunto <span class=\"wpcf7-form-control-wrap\" data-name=\"your-subject\"><input size=\"40\" maxlength=\"400\" class=\"wpcf7-form-control wpcf7-text\" aria-invalid=\"false\" value=\"\" type=\"text\" name=\"your-subject\" \/><\/span>\n<\/p>\n<p>Mensaje\n<\/p>\n<p><span class=\"wpcf7-form-control-wrap\" data-name=\"your-message\"><textarea cols=\"40\" rows=\"10\" maxlength=\"2000\" class=\"wpcf7-form-control wpcf7-textarea\" aria-invalid=\"false\" name=\"your-message\"><\/textarea><\/span>\n<\/p>\n<p><input class=\"wpcf7-form-control wpcf7-submit has-spinner\" type=\"submit\" value=\"Enviar\" \/>\n<\/p><div class=\"wpcf7-response-output\" aria-hidden=\"true\"><\/div>\n<\/form>\n<\/div>\n[\/vc_column_text][\/vc_column][vc_column width=&#8221;1\/2&#8243;][vc_column_text]<\/p>\n<h2>Informaci\u00f3 de contacte<\/h2>\n<h2><img loading=\"lazy\" decoding=\"async\" class=\"alignright size-medium wp-image-1257\" style=\"color: #666666; font-size: 14px; font-weight: 400;\" src=\"http:\/\/svfvqqx.cluster100.hosting.ovh.net\/wp-content\/uploads\/2017\/12\/Tattoo-Viper-logo-color3-2018-nueva-web-1-300x141.png\" alt=\"Tattoo-Viper-logo-color3-2018-nueva-web\" width=\"300\" height=\"141\" srcset=\"https:\/\/tattooviper.com\/wp-content\/uploads\/2017\/12\/Tattoo-Viper-logo-color3-2018-nueva-web-1-300x141.png 300w, https:\/\/tattooviper.com\/wp-content\/uploads\/2017\/12\/Tattoo-Viper-logo-color3-2018-nueva-web-1.png 674w\" sizes=\"auto, (max-width: 300px) 100vw, 300px\" \/><\/h2>\n<h3><span style=\"color: #ffffff;\">Adre\u00e7a: <strong>Avenida Constituci\u00f3n, 82 local 13<\/strong> 08860 Castelldefels, Barcelona<\/span><\/h3>\n<h3><span style=\"color: #ffffff;\">Tel: <strong><a style=\"color: #ffffff;\" href=\"tel:+34936649598\">936 649 598<\/a><\/strong><\/span><br \/>\n<span style=\"color: #ffffff;\">M\u00f3vil: <strong><a style=\"color: #ffffff;\" href=\"tel:+34615383944\">615 383 944<\/a><\/strong><\/span><br \/>\n<span style=\"color: #ffffff;\">E-mail: <a style=\"color: #ffffff;\" href=\"mailto:hello@tattooviper.comm\">hello@tattooviper.com<\/a><\/span><\/h3>\n<h2><span style=\"color: #ffffff;\">Tattoo Viper | Estudi de tatuatges\u00a0i piercings professionals.<\/span><\/h2>\n<p style=\"text-align: justify;\">Per qualsevol consulta sobre els tatuatges que realitzem o els dubtes sobre piercings, pot preguntarles en aquest apartat web i respondrem el m\u00e9s aviat possible. De totes maneres, aqui avall te les nostres dades de contacte i pot posar-se en contacte tamb\u00e9 per tel\u00e8fon o fent-nos una visita al nostre estudi.<\/p>\n<p style=\"text-align: justify;\">Nosaltres t&#8217;assessorarem i aconsellarem segons la nostra opini\u00f3 i experi\u00e8ncia.<\/p>\n<p>[\/vc_column_text][\/vc_column][\/vc_row][vc_row][vc_column][vc_empty_space height=&#8221;62px&#8221;][\/vc_column][\/vc_row]<\/p>\n<\/div>","protected":false},"excerpt":{"rendered":"<p>[vc_row content_type=&#8221;full&#8221; background_image=&#8221;0&#8243;][vc_column][vc_raw_html]JTNDaWZyYW1lJTIwc3JjJTNEJTIyaHR0cHMlM0ElMkYlMkZ3d3cuZ29vZ2xlLmNvbSUyRm1hcHMlMkZlbWJlZCUzRnBiJTNEJTIxMW0xNCUyMTFtOCUyMTFtMyUyMTFkMTQ5OS4xMjUwMDQ3Njg2MzU2JTIxMmQxLjk4MDY4NzAwMDAwMDAwMDMlMjEzZDQxLjI4MTY2MyUyMTNtMiUyMTFpMTAyNCUyMTJpNzY4JTIxNGYxMy4xJTIxM20zJTIxMW0yJTIxMXMweDAlMjUzQTB4NmY4MWVkYmYyYWVjNjE2ZCUyMTJzVGF0dG9vJTI1MjBWaXBlciUyMTVlMCUyMTNtMiUyMTFzZXMlMjEyc2VzJTIxNHYxNTk4NjA3OTU3NjQzJTIxNW0yJTIxMXNlcyUyMTJzZXMlMjIlMjB3aWR0aCUzRCUyMjEwMCUyNSUyMiUyMGhlaWdodCUzRCUyMjM1MCUyMiUyMGZyYW1lYm9yZGVyJTNEJTIyMCUyMiUyMHN0eWxlJTNEJTIyYm9yZGVyJTNBMCUzQiUyMiUyMGFsbG93ZnVsbHNjcmVlbiUzRCUyMiUyMiUyMGFyaWEtaGlkZGVuJTNEJTIyZmFsc2UlMjIlMjB0YWJpbmRleCUzRCUyMjAlMjIlM0UlM0MlMkZpZnJhbWUlM0U=[\/vc_raw_html][vc_empty_space][vc_empty_space][\/vc_column][\/vc_row][vc_row][vc_column width=&#8221;1\/2&#8243;][vc_column_text] Formulari de contacte Omple les seves dades per poder respondre al seu missatge. [\/vc_column_text][\/vc_column][vc_column width=&#8221;1\/2&#8243;][vc_column_text] Informaci\u00f3 de contacte Adre\u00e7a: Avenida Constituci\u00f3n, 82 local 13 08860 Castelldefels,&#8230;<\/p>\n<p><a rel=\"bookmark\" class=\"more-link wolf-button border-button-accent-hover\" href=\"https:\/\/tattooviper.com\/ca\/contacto\/\">Continue reading &rarr;<\/a><\/p>\n","protected":false},"author":1,"featured_media":0,"parent":0,"menu_order":0,"comment_status":"open","ping_status":"open","template":"","meta":{"_monsterinsights_skip_tracking":false,"_monsterinsights_sitenote_active":false,"_monsterinsights_sitenote_note":"","_monsterinsights_sitenote_category":0,"_joinchat":[],"footnotes":""},"class_list":["post-48","page","type-page","status-publish","hentry","no-thumbnail","text-only"],"aioseo_notices":[],"_links":{"self":[{"href":"https:\/\/tattooviper.com\/ca\/wp-json\/wp\/v2\/pages\/48","targetHints":{"allow":["GET"]}}],"collection":[{"href":"https:\/\/tattooviper.com\/ca\/wp-json\/wp\/v2\/pages"}],"about":[{"href":"https:\/\/tattooviper.com\/ca\/wp-json\/wp\/v2\/types\/page"}],"author":[{"embeddable":true,"href":"https:\/\/tattooviper.com\/ca\/wp-json\/wp\/v2\/users\/1"}],"replies":[{"embeddable":true,"href":"https:\/\/tattooviper.com\/ca\/wp-json\/wp\/v2\/comments?post=48"}],"version-history":[{"count":79,"href":"https:\/\/tattooviper.com\/ca\/wp-json\/wp\/v2\/pages\/48\/revisions"}],"predecessor-version":[{"id":2464,"href":"https:\/\/tattooviper.com\/ca\/wp-json\/wp\/v2\/pages\/48\/revisions\/2464"}],"wp:attachment":[{"href":"https:\/\/tattooviper.com\/ca\/wp-json\/wp\/v2\/media?parent=48"}],"curies":[{"name":"wp","href":"https:\/\/api.w.org\/{rel}","templated":true}]}}