{"id":2349,"date":"2024-03-15T12:19:13","date_gmt":"2024-03-15T12:19:13","guid":{"rendered":"http:\/\/svfvqqx.cluster100.hosting.ovh.net\/?page_id=2349"},"modified":"2024-04-05T14:42:42","modified_gmt":"2024-04-05T14:42:42","slug":"tatuaje-micropigmentacion-capilar","status":"publish","type":"page","link":"https:\/\/tattooviper.com\/ca\/tatuaje-micropigmentacion-capilar\/","title":{"rendered":"Micropigmentaci\u00f3 Tatuatge Capil\u00b7lar"},"content":{"rendered":"<div class=\"wpb-content-wrapper\"><p>[vc_row][vc_column][vc_empty_space height=&#8221;70px&#8221;][vc_column_text]<\/p>\n<h2 style=\"text-align: center;\"><span style=\"color: #ffffff;\">Tatuatge de micropigmentaci\u00f3 Capil\u00b7lar<\/span><\/h2>\n<p>[\/vc_column_text][vc_empty_space height=&#8221;70px&#8221;][\/vc_column][\/vc_row][vc_row padding_bottom=&#8221;0&#8243; background_image=&#8221;0&#8243;][vc_column width=&#8221;1\/2&#8243;][vc_empty_space][vc_raw_html]JTNDdmlkZW8lMjBzcmMlM0QlMjJodHRwcyUzQSUyRiUyRnRhdHRvb3ZpcGVyLmNvbSUyRndwLWNvbnRlbnQlMkZ1cGxvYWRzJTJGMjAyNCUyRjAzJTJGdmlkZW8tbWljcm8tY2FwaWxhci0xLm1wNCUyMiUyMGF1dG9wbGF5JTIwbXV0ZWQlMjBsb29wJTNFJTNDJTJGdmlkZW8lM0UlMEElMEElM0NzdHlsZSUzRSUwQXZpZGVvJTIwJTdCJTBBaGVpZ2h0JTNBJTIwMTAwdmglM0IlMEF3aWR0aCUzQSUyMDEwMCUyNSUzQiUwQW9iamVjdC1maXQlM0ElMjBmaWxsJTNCJTBBJTdEJTBBJTNDJTJGc3R5bGUlM0UlMjAlMEE=[\/vc_raw_html][vc_empty_space]<div class='wolf-single-image text-center hover-none default'><span class='image-item'><img src='https:\/\/tattooviper.com\/wp-content\/uploads\/2024\/03\/micro-capilar-768x1024.jpg' alt=''  class=''><\/span><\/div>[\/vc_column][vc_column width=&#8221;1\/2&#8243;][vc_empty_space height=&#8221;20px&#8221;][vc_column_text]<\/p>\n<h2 class=\"et_pb_module_header\" style=\"text-align: center;\"><span style=\"color: #b90e2e;\">M\u00e0xim realisme i naturalitat<\/span><\/h2>\n<p>[\/vc_column_text][vc_empty_space height=&#8221;20px&#8221;][vc_column_text]<\/p>\n<div class=\"et_pb_blurb_description\">\n<h5 style=\"text-align: center;\"><span style=\"color: #ffffff;\">Micropigmentaci\u00f3 capil\u00b7lar per a homes i dones, millora de manera incre\u00efble l&#8217;aparen\u00e7a.<\/span><\/h5>\n<\/div>\n<p>[\/vc_column_text][vc_empty_space][vc_column_text]La micropigmentaci\u00f3 capil\u00b7lar o micropigmentaci\u00f3 al cap\/cuir cabellut, s&#8217;ha convertit en una t\u00e8cnica altament efectiva i popular per a abordar la p\u00e8rdua de cabell i retornar la confian\u00e7a. Un m\u00e8tode alternatiu al trasplantament capil\u00b7lar, tamb\u00e9 conegut com tricopigmentaci\u00f3n.<\/p>\n<p>&nbsp;<\/p>\n<div class=\"av-special-heading av-pnv1ir-cb6ce05fc504544afa2bdce1adcc7c8f av-special-heading-h2 blockquote modern-quote modern-centered avia-builder-el-5 el_after_av_one_full el_before_av_textblock av-inherit-size av-linked-heading\">\n<h5 class=\"av-special-heading-tag\"><span style=\"color: #b90e2e;\">Qu\u00e8 \u00e9s la micropigmentaci\u00f3 capil\u00b7lar i en qu\u00e8 consisteix?<\/span><\/h5>\n<\/div>\n<section class=\"av_textblock_section av-ohrwrn-4e44b1268ecdd0eb6426f9cb3f4713c7 \">\n<div class=\"avia_textblock\">\n<p>La micropigmentaci\u00f3 capil\u00b7lar \u00e9s una t\u00e8cnica en la qual es tatuen micro punts en forma de p\u00e8ls per a simular fol\u00b7licles capil\u00b7lars en el cuir cabellut. Aquests punts de tinta s&#8217;apliquen de manera espaiada i separada, evitant ferides i riscos de fuita de la tinta. \u00c9s important tenir en compte que cada p\u00e8l tatuat \u00e9s una mini ferida, per la qual cosa es requereix la realitzaci\u00f3 de diverses sessions per a aconseguir la densitat desitjada. Cada sessi\u00f3 afegeix una nova capa de densitat i el resultat final dep\u00e8n del nombre de sessions realitzades. \u00c9s una pr\u00e0ctica no quir\u00fargica i indolora, totalment compatible amb altres tractaments capil\u00b7lars com, per exemple, implants de p\u00e8l i \u00e9s v\u00e0lida per a tots tipus i color de pell.<\/p>\n<p>L&#8217;efecte desitjat s&#8217;aconsegueix des del primer dia, encara que el tractament dur\u00e9s diverses sessions (3-5).<\/p>\n<p>La micropigmentaci\u00f3 capil\u00b7lar \u00e9s un tractament semi-permanent que t\u00e9 una durada de 5 a 10 anys.<\/p>\n<\/div>\n<\/section>\n<p>[\/vc_column_text][vc_empty_space][vc_column_text]<\/p>\n<h5 class=\"av-special-heading-tag\"><span style=\"color: #b90e2e;\">Aplicaciones:<\/span><\/h5>\n<ul style=\"font-size: 18px;\">\n<li style=\"list-style-type: none;\">\n<ul style=\"font-size: 18px;\">\n<li>micropigmentaci\u00f3 capil\u00b7lar per a la calvicie de la coroneta<\/li>\n<li>micropigmentaci\u00f3 capil\u00b7lar per a combatre les entrades<\/li>\n<li>micropigmentaci\u00f3 capil\u00b7lar per a la p\u00e8rdua de cabell<\/li>\n<li>micropigmentaci\u00f3 capil\u00b7lar contra l&#8217;alop\u00e8cia areata<\/li>\n<li>micropigmentaci\u00f3 capil\u00b7lar femenina<\/li>\n<li>micropigmentaci\u00f3 capil\u00b7lar en zones amb poca densitat de p\u00e8l<\/li>\n<\/ul>\n<\/li>\n<\/ul>\n<p>[\/vc_column_text][\/vc_column][\/vc_row][vc_row][vc_column][vc_empty_space][vc_empty_space][vc_column_text]<\/p>\n<div class=\"et_pb_blurb_description\">\n<h4 style=\"text-align: center;\"><span style=\"color: #ffffff;\">Contacta amb nosaltres per a m\u00e9s informaci\u00f3 sense comprom\u00eds<\/span><\/h4>\n<\/div>\n<p>[\/vc_column_text][vc_empty_space][vc_column_text]<\/p>\n<div class=\"et_pb_blurb_description\">\n<h4 style=\"text-align: center;\"><span style=\"color: #ffffff;\">Telf.:<a style=\"color: #ffffff;\" href=\"tel:+34936649598\"> 93 664 95 98<\/a><\/span><\/h4>\n<\/div>\n<p>[\/vc_column_text][\/vc_column][\/vc_row][vc_row][vc_column][vc_empty_space height=&#8221;25px&#8221;][vc_separator width=&#8221;50%&#8221; color=&#8221;#b90e2e&#8221;][vc_empty_space height=&#8221;25px&#8221;][\/vc_column][\/vc_row]<\/p>\n<\/div>","protected":false},"excerpt":{"rendered":"<p>[vc_row][vc_column][vc_empty_space height=&#8221;70px&#8221;][vc_column_text] Tatuatge de micropigmentaci\u00f3 Capil\u00b7lar [\/vc_column_text][vc_empty_space height=&#8221;70px&#8221;][\/vc_column][\/vc_row][vc_row padding_bottom=&#8221;0&#8243; background_image=&#8221;0&#8243;][vc_column width=&#8221;1\/2&#8243;][vc_empty_space][vc_raw_html]JTNDdmlkZW8lMjBzcmMlM0QlMjJodHRwcyUzQSUyRiUyRnRhdHRvb3ZpcGVyLmNvbSUyRndwLWNvbnRlbnQlMkZ1cGxvYWRzJTJGMjAyNCUyRjAzJTJGdmlkZW8tbWljcm8tY2FwaWxhci0xLm1wNCUyMiUyMGF1dG9wbGF5JTIwbXV0ZWQlMjBsb29wJTNFJTNDJTJGdmlkZW8lM0UlMEElMEElM0NzdHlsZSUzRSUwQXZpZGVvJTIwJTdCJTBBaGVpZ2h0JTNBJTIwMTAwdmglM0IlMEF3aWR0aCUzQSUyMDEwMCUyNSUzQiUwQW9iamVjdC1maXQlM0ElMjBmaWxsJTNCJTBBJTdEJTBBJTNDJTJGc3R5bGUlM0UlMjAlMEE=[\/vc_raw_html][vc_empty_space][\/vc_column][vc_column width=&#8221;1\/2&#8243;][vc_empty_space height=&#8221;20px&#8221;][vc_column_text] M\u00e0xim realisme i naturalitat [\/vc_column_text][vc_empty_space height=&#8221;20px&#8221;][vc_column_text] Micropigmentaci\u00f3 capil\u00b7lar per a homes i dones, millora de manera incre\u00efble&#8230;<\/p>\n<p><a rel=\"bookmark\" class=\"more-link wolf-button border-button-accent-hover\" href=\"https:\/\/tattooviper.com\/ca\/tatuaje-micropigmentacion-capilar\/\">Continue reading &rarr;<\/a><\/p>\n","protected":false},"author":5,"featured_media":0,"parent":0,"menu_order":0,"comment_status":"closed","ping_status":"closed","template":"","meta":{"_monsterinsights_skip_tracking":false,"_monsterinsights_sitenote_active":false,"_monsterinsights_sitenote_note":"","_monsterinsights_sitenote_category":0,"_joinchat":[],"footnotes":""},"class_list":["post-2349","page","type-page","status-publish","hentry","no-thumbnail","text-only"],"aioseo_notices":[],"_links":{"self":[{"href":"https:\/\/tattooviper.com\/ca\/wp-json\/wp\/v2\/pages\/2349","targetHints":{"allow":["GET"]}}],"collection":[{"href":"https:\/\/tattooviper.com\/ca\/wp-json\/wp\/v2\/pages"}],"about":[{"href":"https:\/\/tattooviper.com\/ca\/wp-json\/wp\/v2\/types\/page"}],"author":[{"embeddable":true,"href":"https:\/\/tattooviper.com\/ca\/wp-json\/wp\/v2\/users\/5"}],"replies":[{"embeddable":true,"href":"https:\/\/tattooviper.com\/ca\/wp-json\/wp\/v2\/comments?post=2349"}],"version-history":[{"count":27,"href":"https:\/\/tattooviper.com\/ca\/wp-json\/wp\/v2\/pages\/2349\/revisions"}],"predecessor-version":[{"id":2502,"href":"https:\/\/tattooviper.com\/ca\/wp-json\/wp\/v2\/pages\/2349\/revisions\/2502"}],"wp:attachment":[{"href":"https:\/\/tattooviper.com\/ca\/wp-json\/wp\/v2\/media?parent=2349"}],"curies":[{"name":"wp","href":"https:\/\/api.w.org\/{rel}","templated":true}]}}