{"id":2284,"date":"2024-03-13T16:18:06","date_gmt":"2024-03-13T16:18:06","guid":{"rendered":"http:\/\/svfvqqx.cluster100.hosting.ovh.net\/?page_id=2284"},"modified":"2024-03-20T08:17:47","modified_gmt":"2024-03-20T08:17:47","slug":"tatuaje-reconstruccion-de-pezones","status":"publish","type":"page","link":"https:\/\/tattooviper.com\/ca\/tatuaje-reconstruccion-de-pezones\/","title":{"rendered":"Reconstrucci\u00f3 de mugrons"},"content":{"rendered":"<div class=\"wpb-content-wrapper\"><p>[vc_row][vc_column][vc_empty_space height=&#8221;70px&#8221;][vc_column_text]<\/p>\n<h2 style=\"text-align: center;\"><span style=\"color: #ffffff;\">Tatuatge Reconstrucci\u00f3 d&#8217;ar\u00e8ola-mugr\u00f3<\/span><\/h2>\n<p>[\/vc_column_text][vc_empty_space height=&#8221;70px&#8221;][\/vc_column][\/vc_row][vc_row padding_bottom=&#8221;0&#8243; background_image=&#8221;0&#8243;][vc_column width=&#8221;1\/2&#8243;][vc_empty_space][vc_raw_html]JTNDdmlkZW8lMjBzcmMlM0QlMjJodHRwcyUzQSUyRiUyRnRhdHRvb3ZpcGVyLmNvbSUyRndwLWNvbnRlbnQlMkZ1cGxvYWRzJTJGMjAyNCUyRjAzJTJGcmVjb25zdHJ1Y2Npb24tYXJlb2xhLW11dGUubXA0JTIyJTIwYXV0b3BsYXklMjBtdXRlZCUyMGxvb3AlM0UlM0MlMkZ2aWRlbyUzRSUwQSUwQSUzQ3N0eWxlJTNFJTBBdmlkZW8lMjAlN0IlMEFoZWlnaHQlM0ElMjAxMDB2aCUzQiUwQXdpZHRoJTNBJTIwMTAwJTI1JTNCJTBBb2JqZWN0LWZpdCUzQSUyMGZpbGwlM0IlMEElN0QlMEElM0MlMkZzdHlsZSUzRSUyMCUwQQ==[\/vc_raw_html][vc_empty_space][\/vc_column][vc_column width=&#8221;1\/2&#8243;][vc_empty_space height=&#8221;20px&#8221;][vc_column_text]<\/p>\n<h2 class=\"et_pb_module_header\" style=\"text-align: center;\"><span style=\"color: #b90e2e;\">M\u00e0xim realisme i naturalitat<\/span><\/h2>\n<p>[\/vc_column_text][vc_empty_space height=&#8221;20px&#8221;][vc_column_text]<\/p>\n<div class=\"et_pb_blurb_description\">\n<h4 style=\"text-align: center;\"><span style=\"color: #ffffff;\">Retorna al pit la seva imatge original.<\/span><\/h4>\n<\/div>\n<p>[\/vc_column_text][vc_empty_space][vc_column_text]El <strong>tatuatge d&#8217;ar\u00e8ola-mugr\u00f3<\/strong> \u00e9s un tractament que pot fer-se com a proc\u00e9s \u00fanic de <strong>reconstrucci\u00f3 areolar<\/strong> aix\u00ed com complementari a una<strong> reconstrucci\u00f3 de mugr\u00f3 operat\u00f2ria.<\/strong><\/p>\n<p>El <strong>tatuatge de reconstrucci\u00f3 mam\u00e0ria<\/strong> t\u00e9 com a objectiu <strong>retornar al pit la seva imatge natural <\/strong>gr\u00e0cies als seg\u00fcents tractaments, segons les seves necessitats:<\/p>\n<p>&nbsp;<\/p>\n<ul>\n<li>Dermopigmentaci\u00f3 de reconstrucci\u00f3 areolar<\/li>\n<li>Dissimulaci\u00f3 de cicatrius peri-areolars<\/li>\n<li>Reconstrucci\u00f3 ar\u00e8ola-mugr\u00f3 amb efecte 3D<\/li>\n<li>Augment areolar<\/li>\n<li>Enfosquiment areolar<\/li>\n<li>Tatuatge art\u00edstic<\/li>\n<\/ul>\n<p>[\/vc_column_text][\/vc_column][\/vc_row][vc_row][vc_column width=&#8221;1\/2&#8243;]<div class='wolf-single-image text-center hover-none default'><span class='image-item'><img src='https:\/\/tattooviper.com\/wp-content\/uploads\/2024\/03\/reconstruccion-areolar-1024x898.jpg' alt=''  class=''><\/span><\/div>[\/vc_column][vc_column width=&#8221;1\/2&#8243;][vc_empty_space][vc_empty_space][vc_column_text]<\/p>\n<div class=\"et_pb_blurb_description\">\n<h4 style=\"text-align: center;\"><span style=\"color: #ffffff;\">Contacta amb nosaltres per a m\u00e9s informaci\u00f3 sense comprom\u00eds.<\/span><\/h4>\n<\/div>\n<p>[\/vc_column_text][vc_empty_space][vc_column_text]<\/p>\n<div class=\"et_pb_blurb_description\">\n<h4 style=\"text-align: center;\"><span style=\"color: #ffffff;\">Telf.:<a style=\"color: #ffffff;\" href=\"tel:+34936649598\">93 664 95 98<\/a><\/span><\/h4>\n<\/div>\n<p>[\/vc_column_text][\/vc_column][\/vc_row][vc_row][vc_column][vc_empty_space height=&#8221;25px&#8221;][vc_separator width=&#8221;50%&#8221; color=&#8221;#b90e2e&#8221;][vc_empty_space height=&#8221;25px&#8221;][\/vc_column][\/vc_row]<\/p>\n<\/div>","protected":false},"excerpt":{"rendered":"<p>[vc_row][vc_column][vc_empty_space height=&#8221;70px&#8221;][vc_column_text] Tatuatge Reconstrucci\u00f3 d&#8217;ar\u00e8ola-mugr\u00f3 [\/vc_column_text][vc_empty_space height=&#8221;70px&#8221;][\/vc_column][\/vc_row][vc_row padding_bottom=&#8221;0&#8243; background_image=&#8221;0&#8243;][vc_column width=&#8221;1\/2&#8243;][vc_empty_space][vc_raw_html]JTNDdmlkZW8lMjBzcmMlM0QlMjJodHRwcyUzQSUyRiUyRnRhdHRvb3ZpcGVyLmNvbSUyRndwLWNvbnRlbnQlMkZ1cGxvYWRzJTJGMjAyNCUyRjAzJTJGcmVjb25zdHJ1Y2Npb24tYXJlb2xhLW11dGUubXA0JTIyJTIwYXV0b3BsYXklMjBtdXRlZCUyMGxvb3AlM0UlM0MlMkZ2aWRlbyUzRSUwQSUwQSUzQ3N0eWxlJTNFJTBBdmlkZW8lMjAlN0IlMEFoZWlnaHQlM0ElMjAxMDB2aCUzQiUwQXdpZHRoJTNBJTIwMTAwJTI1JTNCJTBBb2JqZWN0LWZpdCUzQSUyMGZpbGwlM0IlMEElN0QlMEElM0MlMkZzdHlsZSUzRSUyMCUwQQ==[\/vc_raw_html][vc_empty_space][\/vc_column][vc_column width=&#8221;1\/2&#8243;][vc_empty_space height=&#8221;20px&#8221;][vc_column_text] M\u00e0xim realisme i naturalitat [\/vc_column_text][vc_empty_space height=&#8221;20px&#8221;][vc_column_text] Retorna al pit la seva imatge original. [\/vc_column_text][vc_empty_space][vc_column_text]El tatuatge d&#8217;ar\u00e8ola-mugr\u00f3 \u00e9s un&#8230;<\/p>\n<p><a rel=\"bookmark\" class=\"more-link wolf-button border-button-accent-hover\" href=\"https:\/\/tattooviper.com\/ca\/tatuaje-reconstruccion-de-pezones\/\">Continue reading &rarr;<\/a><\/p>\n","protected":false},"author":5,"featured_media":0,"parent":0,"menu_order":0,"comment_status":"closed","ping_status":"closed","template":"","meta":{"_monsterinsights_skip_tracking":false,"_monsterinsights_sitenote_active":false,"_monsterinsights_sitenote_note":"","_monsterinsights_sitenote_category":0,"_joinchat":[],"footnotes":""},"class_list":["post-2284","page","type-page","status-publish","hentry","no-thumbnail","text-only"],"aioseo_notices":[],"_links":{"self":[{"href":"https:\/\/tattooviper.com\/ca\/wp-json\/wp\/v2\/pages\/2284","targetHints":{"allow":["GET"]}}],"collection":[{"href":"https:\/\/tattooviper.com\/ca\/wp-json\/wp\/v2\/pages"}],"about":[{"href":"https:\/\/tattooviper.com\/ca\/wp-json\/wp\/v2\/types\/page"}],"author":[{"embeddable":true,"href":"https:\/\/tattooviper.com\/ca\/wp-json\/wp\/v2\/users\/5"}],"replies":[{"embeddable":true,"href":"https:\/\/tattooviper.com\/ca\/wp-json\/wp\/v2\/comments?post=2284"}],"version-history":[{"count":44,"href":"https:\/\/tattooviper.com\/ca\/wp-json\/wp\/v2\/pages\/2284\/revisions"}],"predecessor-version":[{"id":2497,"href":"https:\/\/tattooviper.com\/ca\/wp-json\/wp\/v2\/pages\/2284\/revisions\/2497"}],"wp:attachment":[{"href":"https:\/\/tattooviper.com\/ca\/wp-json\/wp\/v2\/media?parent=2284"}],"curies":[{"name":"wp","href":"https:\/\/api.w.org\/{rel}","templated":true}]}}