{"id":2158,"date":"2022-09-01T15:05:20","date_gmt":"2022-09-01T15:05:20","guid":{"rendered":"http:\/\/svfvqqx.cluster100.hosting.ovh.net\/?page_id=2158"},"modified":"2022-09-01T16:41:57","modified_gmt":"2022-09-01T16:41:57","slug":"micropigmentacion","status":"publish","type":"page","link":"https:\/\/tattooviper.com\/ca\/micropigmentacion\/","title":{"rendered":"Micropigmentaci\u00f3n\/Microblading"},"content":{"rendered":"<div class=\"wpb-content-wrapper\"><p>[vc_row][vc_column][vc_empty_space height=&#8221;70px&#8221;][vc_column_text]<\/p>\n<h2 style=\"text-align: center;\"><span style=\"color: #ffffff;\">Micropigmentaci\u00f3 &#8211;\u00a0Microblading<\/span><\/h2>\n<p>[\/vc_column_text][vc_empty_space height=&#8221;70px&#8221;][\/vc_column][\/vc_row][vc_row padding_bottom=&#8221;0&#8243; background_image=&#8221;0&#8243;][vc_column width=&#8221;1\/2&#8243;][vc_empty_space height=&#8221;20px&#8221;]<div class='wolf-single-image text-center hover-none default'><span class='image-item'><img src='https:\/\/tattooviper.com\/wp-content\/uploads\/2022\/09\/Tenille-Nascimento-Logotipo-Fondo-Negro-min.jpg' alt=''  class=''><\/span><\/div>[vc_empty_space][\/vc_column][vc_column width=&#8221;1\/2&#8243;][vc_empty_space][vc_column_text]Especialitats, com el <strong>Microblading<\/strong> (reconstrucci\u00f3 de celles &#8221;p\u00e8l a p\u00e8l&#8221;) i la <strong>micropigmentaci\u00f3<\/strong> \u00a0(una modalitat de tatuatge amb m\u00e0quina de micropigmentar especial, que utilitzem en celles, ulleres, estries, cicatrius, l\u00ednies d&#8217;ull i llavis) amb fant\u00e0stics resultats.[\/vc_column_text][\/vc_column][\/vc_row][vc_row padding_top=&#8221;0&#8243; padding_bottom=&#8221;0&#8243; background_image=&#8221;0&#8243;][vc_column width=&#8221;1\/2&#8243;][vc_empty_space height=&#8221;12px&#8221;][vc_empty_space][vc_empty_space height=&#8221;25px&#8221;][vc_column_text]<\/p>\n<h4 class=\"cap full\"><strong>Micropigmentaci\u00f3 &#8211; Ulleres<\/strong><\/h4>\n<div class=\"txt full\">\n<p>Aclareix la pell sota els ulls per a camuflar les ulleres gr\u00e0cies a aquesta t\u00e8cnica de micropigmentaci\u00f3 facial. Realitza un tractament complet duent a terme 3 d&#8217;aquestes sessions (1 al mes).<\/p>\n<\/div>\n<p>[\/vc_column_text][\/vc_column][vc_column width=&#8221;1\/2&#8243;]<div class='wolf-single-image text-center hover-none default'><span class='image-item'><img src='https:\/\/tattooviper.com\/wp-content\/uploads\/2022\/09\/Foto-ojeras-acortada-3-1024x686.jpg' alt=''  class=''><\/span><\/div>[\/vc_column][\/vc_row][vc_row][vc_column][vc_empty_space height=&#8221;25px&#8221;][vc_separator width=&#8221;50%&#8221; color=&#8221;#b57070&#8243;][vc_empty_space height=&#8221;25px&#8221;][\/vc_column][\/vc_row][vc_row padding_top=&#8221;0&#8243; padding_bottom=&#8221;0&#8243; background_image=&#8221;0&#8243;][vc_column width=&#8221;1\/3&#8243;]<div class='wolf-single-image text-center hover-none default'><span class='image-item'><img src='https:\/\/tattooviper.com\/wp-content\/uploads\/2022\/09\/shutterstock_1716017359.jpg' alt=''  class=''><\/span><\/div>[\/vc_column][vc_column width=&#8221;2\/3&#8243;][vc_empty_space][vc_column_text]<\/p>\n<h4 class=\"cap full\"><strong>Micropigmentaci\u00f3 &#8211; Llavis<\/strong><\/h4>\n<div class=\"txt full\">\n<p>Aconsegueix uns llavis perfectes gr\u00e0cies a aquest innovador m\u00e8tode de maquillatge. Buscarem el color que m\u00e9s t&#8217;agradi amb exactitud i perfeccionarem el teu contorn perqu\u00e8 llueixis un somriure encara m\u00e9s bonica.<\/p>\n<\/div>\n<p>[\/vc_column_text][\/vc_column][\/vc_row][vc_row][vc_column][vc_empty_space height=&#8221;25px&#8221;][vc_separator width=&#8221;50%&#8221; color=&#8221;#b57070&#8243;][vc_empty_space height=&#8221;25px&#8221;][\/vc_column][\/vc_row][vc_row padding_top=&#8221;0&#8243; padding_bottom=&#8221;0&#8243; background_image=&#8221;0&#8243;][vc_column width=&#8221;2\/3&#8243;][vc_empty_space height=&#8221;12px&#8221;][vc_column_text]<\/p>\n<h4 class=\"cap full\"><strong>Micropigmentaci\u00f3 &#8211; Estries i cicatrius<\/strong><\/h4>\n<div class=\"txt full\">\n<p>Gr\u00e0cies a la micropigmentaci\u00f3 podem camuflar gaireb\u00e9 qualsevol cicatriu o estria que tinguem en qualsevol part del nostre cos.<\/p>\n<p>Aquest tractament es valora per a cada cas. Pots fer la reserva i et revisarem en la primera visita o pots contactar amb nosaltres perqu\u00e8 puguem revisar el teu cas abans de dur a terme la reserva del tractament.<\/p>\n<\/div>\n<p>[\/vc_column_text][\/vc_column][vc_column width=&#8221;1\/3&#8243;]<div class='wolf-single-image text-center hover-none default'><span class='image-item'><img src='https:\/\/tattooviper.com\/wp-content\/uploads\/2022\/09\/shutterstock_1296771037.jpg' alt=''  class=''><\/span><\/div>[\/vc_column][\/vc_row][vc_row][vc_column][vc_empty_space height=&#8221;25px&#8221;][vc_separator width=&#8221;50%&#8221; color=&#8221;#b57070&#8243;][vc_empty_space height=&#8221;25px&#8221;][\/vc_column][\/vc_row][vc_row padding_top=&#8221;0&#8243; padding_bottom=&#8221;0&#8243; background_image=&#8221;0&#8243;][vc_column width=&#8221;1\/3&#8243;]<div class='wolf-single-image text-center hover-none default'><span class='image-item'><img src='https:\/\/tattooviper.com\/wp-content\/uploads\/2022\/09\/shutterstock_1716017281.jpg' alt=''  class=''><\/span><\/div>[\/vc_column][vc_column width=&#8221;2\/3&#8243;][vc_empty_space height=&#8221;25px&#8221;][vc_column_text]<\/p>\n<h4><strong><span style=\"color: #b57070;\">Micropigmentaci\u00f3 &#8211; Celles<\/span><\/strong><\/h4>\n<p>A trav\u00e9s d&#8217;aquesta t\u00e8cnica de maquillatge realitzada amb derm\u00f3graf, aconseguirem unes celles perfectes gr\u00e0cies a les seves m\u00faltiples possibilitats de realisme (ombrejos, p\u00e8l a p\u00e8l, etc). Pot combinar-se amb el Microblading, obtenint aix\u00ed, un efecte m\u00e9s personalitzat.[\/vc_column_text][\/vc_column][\/vc_row][vc_row][vc_column][vc_empty_space height=&#8221;25px&#8221;][vc_separator width=&#8221;50%&#8221; color=&#8221;#b57070&#8243;][vc_empty_space height=&#8221;25px&#8221;][\/vc_column][\/vc_row][vc_row padding_top=&#8221;0&#8243; padding_bottom=&#8221;0&#8243; background_image=&#8221;0&#8243;][vc_column width=&#8221;2\/3&#8243;][vc_column_text]<\/p>\n<h4 class=\"cap full\"><strong>Microblading<\/strong><\/h4>\n<div class=\"txt full\">Consisteix en la reconstrucci\u00f3 de celles \u2019\u2019p\u00e8l a p\u00e8l\u2019\u2019 mitjan\u00e7ant Tebori (aparell utilitzat per a pigmentar la pell manualment). Gr\u00e0cies a aquesta t\u00e8cnica ancestral adaptada a l&#8217;actualitat, s&#8217;obtenen uns resultats naturals i inigualables.<br \/>\nFormaci\u00f3 en l&#8217;acad\u00e8mia n\u00famero 1 del m\u00f3n anomenada\u00a0Phibrows\u00a0Academy, les teves celles de revista t&#8217;esperen.<\/div>\n<p>[\/vc_column_text][\/vc_column][vc_column width=&#8221;1\/3&#8243;]<div class='wolf-single-image text-center hover-none default'><span class='image-item'><img src='https:\/\/tattooviper.com\/wp-content\/uploads\/2022\/09\/shutterstock_1639258762.jpg' alt=''  class=''><\/span><\/div>[\/vc_column][\/vc_row][vc_row][vc_column][vc_empty_space height=&#8221;25px&#8221;][vc_separator width=&#8221;50%&#8221; color=&#8221;#b57070&#8243;][vc_empty_space height=&#8221;25px&#8221;][\/vc_column][\/vc_row][vc_row padding_top=&#8221;0&#8243; padding_bottom=&#8221;0&#8243; background_image=&#8221;0&#8243;][vc_column width=&#8221;1\/3&#8243;]<div class='wolf-single-image text-center hover-none default'><span class='image-item'><img src='https:\/\/tattooviper.com\/wp-content\/uploads\/2022\/09\/shutterstock_698740969.jpg' alt=''  class=''><\/span><\/div>[\/vc_column][vc_column width=&#8221;2\/3&#8243;][vc_empty_space height=&#8221;25px&#8221;][vc_column_text]<\/p>\n<h4 class=\"cap full\"><strong>Micropigmentaci\u00f3 &#8211; Eyeliner<\/strong><\/h4>\n<div class=\"txt full\">\n<p>Amb la nostra experi\u00e8ncia i la millor m\u00e0quina del mercat, podr\u00e0s lluir una l\u00ednia d&#8217;ull (superior i\/o inferior) fina i elegant. Existeixen molts dissenys possibles, si ens ho permets, t&#8217;aconsellarem el que m\u00e9s encaix amb els teus trets facials. Aquest tractament inclou\u00a0Eyeliner\u00a0superior o inferior.<\/p>\n<\/div>\n<p>[\/vc_column_text][\/vc_column][\/vc_row][vc_row][vc_column][vc_empty_space height=&#8221;25px&#8221;][vc_separator width=&#8221;50%&#8221; color=&#8221;#b57070&#8243;][vc_empty_space height=&#8221;25px&#8221;][\/vc_column][\/vc_row][vc_row padding_top=&#8221;0&#8243; padding_bottom=&#8221;0&#8243; background_image=&#8221;0&#8243;][vc_column width=&#8221;2\/3&#8243;][vc_column_text]<\/p>\n<h4 class=\"cap full\"><strong>Mesoter\u00e0pia facial<\/strong><\/h4>\n<div class=\"txt full\">\n<p>Mitjan\u00e7ant microinjeccions d&#8217;\u00e0cid Hialur\u00f2nic millorarem la qualitat de la teva pell i t&#8217;ajudarem a prevenir l&#8217;envelliment facial. Realitzem aquest tractament amb m\u00e0quina, aconseguint aix\u00ed, uns resultats \u00f2ptims en menor temps.<\/p>\n<\/div>\n<p>[\/vc_column_text][\/vc_column][vc_column width=&#8221;1\/3&#8243;]<div class='wolf-single-image text-center hover-none default'><span class='image-item'><img src='https:\/\/tattooviper.com\/wp-content\/uploads\/2022\/09\/shutterstock_1937379211.jpg' alt=''  class=''><\/span><\/div>[\/vc_column][\/vc_row][vc_row][vc_column][vc_empty_space height=&#8221;70px&#8221;][\/vc_column][\/vc_row]<\/p>\n<\/div>","protected":false},"excerpt":{"rendered":"<p>[vc_row][vc_column][vc_empty_space height=&#8221;70px&#8221;][vc_column_text] Micropigmentaci\u00f3 &#8211;\u00a0Microblading [\/vc_column_text][vc_empty_space height=&#8221;70px&#8221;][\/vc_column][\/vc_row][vc_row padding_bottom=&#8221;0&#8243; background_image=&#8221;0&#8243;][vc_column width=&#8221;1\/2&#8243;][vc_empty_space height=&#8221;20px&#8221;][vc_empty_space][\/vc_column][vc_column width=&#8221;1\/2&#8243;][vc_empty_space][vc_column_text]Especialitats, com el Microblading (reconstrucci\u00f3 de celles &#8221;p\u00e8l a p\u00e8l&#8221;) i la micropigmentaci\u00f3 \u00a0(una modalitat de tatuatge amb m\u00e0quina de&#8230;<\/p>\n<p><a rel=\"bookmark\" class=\"more-link wolf-button border-button-accent-hover\" href=\"https:\/\/tattooviper.com\/ca\/micropigmentacion\/\">Continue reading &rarr;<\/a><\/p>\n","protected":false},"author":5,"featured_media":0,"parent":0,"menu_order":0,"comment_status":"closed","ping_status":"closed","template":"","meta":{"_monsterinsights_skip_tracking":false,"_monsterinsights_sitenote_active":false,"_monsterinsights_sitenote_note":"","_monsterinsights_sitenote_category":0,"_joinchat":[],"footnotes":""},"class_list":["post-2158","page","type-page","status-publish","hentry","no-thumbnail","text-only"],"aioseo_notices":[],"_links":{"self":[{"href":"https:\/\/tattooviper.com\/ca\/wp-json\/wp\/v2\/pages\/2158","targetHints":{"allow":["GET"]}}],"collection":[{"href":"https:\/\/tattooviper.com\/ca\/wp-json\/wp\/v2\/pages"}],"about":[{"href":"https:\/\/tattooviper.com\/ca\/wp-json\/wp\/v2\/types\/page"}],"author":[{"embeddable":true,"href":"https:\/\/tattooviper.com\/ca\/wp-json\/wp\/v2\/users\/5"}],"replies":[{"embeddable":true,"href":"https:\/\/tattooviper.com\/ca\/wp-json\/wp\/v2\/comments?post=2158"}],"version-history":[{"count":62,"href":"https:\/\/tattooviper.com\/ca\/wp-json\/wp\/v2\/pages\/2158\/revisions"}],"predecessor-version":[{"id":2230,"href":"https:\/\/tattooviper.com\/ca\/wp-json\/wp\/v2\/pages\/2158\/revisions\/2230"}],"wp:attachment":[{"href":"https:\/\/tattooviper.com\/ca\/wp-json\/wp\/v2\/media?parent=2158"}],"curies":[{"name":"wp","href":"https:\/\/api.w.org\/{rel}","templated":true}]}}