{"id":15,"date":"2014-04-10T18:07:40","date_gmt":"2014-04-10T18:07:40","guid":{"rendered":"http:\/\/svfvqqx.cluster100.hosting.ovh.net\/?page_id=15"},"modified":"2022-09-01T15:00:45","modified_gmt":"2022-09-01T15:00:45","slug":"piercings","status":"publish","type":"page","link":"https:\/\/tattooviper.com\/ca\/piercings\/","title":{"rendered":"Piercings"},"content":{"rendered":"<div class=\"wpb-content-wrapper\"><p>[vc_row padding_top=&#8221;0&#8243; background_image=&#8221;0&#8243;][vc_column width=&#8221;1\/4&#8243;]<div class='wolf-single-image text-center hover-greyscale shadow'><a href='https:\/\/tattooviper.com\/wp-content\/uploads\/2022\/09\/IMG_1615.jpg' class='lightbox image-item'><img src='https:\/\/tattooviper.com\/wp-content\/uploads\/2022\/09\/IMG_1615-360x360.jpg' alt=''  class=''><\/a><\/div>[\/vc_column][vc_column width=&#8221;1\/4&#8243;]<div class='wolf-single-image text-center hover-greyscale shadow'><a href='https:\/\/tattooviper.com\/wp-content\/uploads\/2022\/09\/IMG_8283.jpg' class='lightbox image-item'><img src='https:\/\/tattooviper.com\/wp-content\/uploads\/2022\/09\/IMG_8283-360x360.jpg' alt=''  class=''><\/a><\/div>[\/vc_column][vc_column width=&#8221;1\/4&#8243;]<div class='wolf-single-image text-center hover-greyscale shadow'><a href='https:\/\/tattooviper.com\/wp-content\/uploads\/2022\/09\/IMG_8170.jpg' class='lightbox image-item'><img src='https:\/\/tattooviper.com\/wp-content\/uploads\/2022\/09\/IMG_8170-360x360.jpg' alt=''  class=''><\/a><\/div>[\/vc_column][vc_column width=&#8221;1\/4&#8243;]<div class='wolf-single-image text-center hover-greyscale shadow'><a href='https:\/\/tattooviper.com\/wp-content\/uploads\/2022\/09\/Tattoo-Viper-transp-600x600-1.png' class='lightbox image-item'><img src='https:\/\/tattooviper.com\/wp-content\/uploads\/2022\/09\/Tattoo-Viper-transp-600x600-1-360x360.png' alt=''  class=''><\/a><\/div>[\/vc_column][\/vc_row][vc_row][vc_column][vc_empty_space][\/vc_column][\/vc_row][vc_row padding_top=&#8221;0&#8243; padding_bottom=&#8221;0&#8243; background_image=&#8221;0&#8243;][vc_column width=&#8221;1\/4&#8243;]<div class='wolf-single-image text-center hover-greyscale shadow'><a href='https:\/\/tattooviper.com\/wp-content\/uploads\/2022\/03\/IMG_4717.jpg' class='lightbox image-item'><img src='https:\/\/tattooviper.com\/wp-content\/uploads\/2022\/03\/IMG_4717-360x360.jpg' alt=''  class=''><\/a><\/div>[\/vc_column][vc_column width=&#8221;1\/4&#8243;]<div class='wolf-single-image text-center hover-greyscale shadow'><a href='https:\/\/tattooviper.com\/wp-content\/uploads\/2022\/03\/IMG_4785.jpg' class='lightbox image-item'><img src='https:\/\/tattooviper.com\/wp-content\/uploads\/2022\/03\/IMG_4785-360x360.jpg' alt=''  class=''><\/a><\/div>[\/vc_column][vc_column width=&#8221;1\/4&#8243;]<div class='wolf-single-image text-center hover-greyscale shadow'><a href='https:\/\/tattooviper.com\/wp-content\/uploads\/2022\/03\/IMG_4077.jpg' class='lightbox image-item'><img src='https:\/\/tattooviper.com\/wp-content\/uploads\/2022\/03\/IMG_4077-360x360.jpg' alt=''  class=''><\/a><\/div>[\/vc_column][vc_column width=&#8221;1\/4&#8243;]<div class='wolf-single-image text-center hover-greyscale shadow'><a href='https:\/\/tattooviper.com\/wp-content\/uploads\/2022\/03\/IMG_4931.jpg' class='lightbox image-item'><img src='https:\/\/tattooviper.com\/wp-content\/uploads\/2022\/03\/IMG_4931-360x360.jpg' alt=''  class=''><\/a><\/div>[\/vc_column][\/vc_row][vc_row padding_bottom=&#8221;0&#8243; background_image=&#8221;0&#8243;][vc_column width=&#8221;1\/2&#8243;][vc_column_text]<iframe loading=\"lazy\" src=\"https:\/\/www.youtube-nocookie.com\/embed\/FAQMGT4opRk?rel=0&amp;controls=0&amp;showinfo=0\" width=\"560\" height=\"315\" frameborder=\"0\" allowfullscreen=\"allowfullscreen\"><\/iframe>[\/vc_column_text][\/vc_column][vc_column width=&#8221;1\/2&#8243;][vc_empty_space][vc_column_text]Es realitzen <strong>piercings<\/strong> en tots els llocs del cos. Aqu\u00ed podr\u00e0s veure alguns exemples dels p\u00edrcings realitzats.<\/p>\n<ul>\n<li>Piercings Facials<\/li>\n<li>Piercings Corporals<\/li>\n<li>Piercings Genitals<\/li>\n<li>Microdermals<\/li>\n<li>Surface<\/li>\n<li>Dilatacions<\/li>\n<\/ul>\n<p>[\/vc_column_text][\/vc_column][\/vc_row][vc_row][vc_column][vc_empty_space][\/vc_column][\/vc_row][vc_row padding_top=&#8221;0&#8243; padding_bottom=&#8221;0&#8243; background_image=&#8221;0&#8243;][vc_column width=&#8221;1\/4&#8243;]<div class='wolf-single-image text-center hover-greyscale shadow'><a href='https:\/\/tattooviper.com\/wp-content\/uploads\/2022\/03\/5ed9e0e6-9944-4bda-85ab-047882ede8ae.jpg' class='lightbox image-item'><img src='https:\/\/tattooviper.com\/wp-content\/uploads\/2022\/03\/5ed9e0e6-9944-4bda-85ab-047882ede8ae-360x360.jpg' alt=''  class=''><\/a><\/div>[\/vc_column][vc_column width=&#8221;1\/4&#8243;]<div class='wolf-single-image text-center hover-greyscale shadow'><a href='https:\/\/tattooviper.com\/wp-content\/uploads\/2022\/03\/IMG_5152.jpg' class='lightbox image-item'><img src='https:\/\/tattooviper.com\/wp-content\/uploads\/2022\/03\/IMG_5152-360x360.jpg' alt=''  class=''><\/a><\/div>[\/vc_column][vc_column width=&#8221;1\/4&#8243;]<div class='wolf-single-image text-center hover-greyscale shadow'><a href='https:\/\/tattooviper.com\/wp-content\/uploads\/2022\/03\/IMG_4772.jpg' class='lightbox image-item'><img src='https:\/\/tattooviper.com\/wp-content\/uploads\/2022\/03\/IMG_4772-360x360.jpg' alt=''  class=''><\/a><\/div>[\/vc_column][vc_column width=&#8221;1\/4&#8243;]<div class='wolf-single-image text-center hover-greyscale shadow'><a href='https:\/\/tattooviper.com\/wp-content\/uploads\/2022\/03\/IMG_2402.jpg' class='lightbox image-item'><img src='https:\/\/tattooviper.com\/wp-content\/uploads\/2022\/03\/IMG_2402-360x360.jpg' alt=''  class=''><\/a><\/div>[\/vc_column][\/vc_row][vc_row][vc_column][vc_empty_space][\/vc_column][\/vc_row][vc_row padding_bottom=&#8221;0&#8243; background_image=&#8221;0&#8243;][vc_column width=&#8221;1\/4&#8243;][\/vc_column][vc_column width=&#8221;1\/4&#8243;]<div class='wolf-single-image text-center hover-greyscale shadow'><a href='https:\/\/tattooviper.com\/wp-content\/uploads\/2018\/01\/helga-sanchez-tattoo-viper-piercing-labio-profesional-castelldefels.jpg' class='lightbox image-item'><img src='https:\/\/tattooviper.com\/wp-content\/uploads\/2018\/01\/helga-sanchez-tattoo-viper-piercing-labio-profesional-castelldefels-1024x1024.jpg' alt='helga-sanchez-tattoo-viper-piercing-labio-profesional-castelldefels'  class=''><\/a><\/div>[\/vc_column][vc_column width=&#8221;1\/4&#8243;]<div class='wolf-single-image text-center hover-greyscale shadow'><a href='https:\/\/tattooviper.com\/wp-content\/uploads\/2018\/01\/helga-sanchez-tattoo-viper-piercing-profesional-castelldefels.jpg' class='lightbox image-item'><img src='https:\/\/tattooviper.com\/wp-content\/uploads\/2018\/01\/helga-sanchez-tattoo-viper-piercing-profesional-castelldefels.jpg' alt='tatuajes castelldefels - Helga Sanchez - Tatoo viper'  class=''><\/a><\/div>[\/vc_column][vc_column width=&#8221;1\/4&#8243;]<div class='wolf-single-image text-center hover-greyscale shadow'><a href='https:\/\/tattooviper.com\/wp-content\/uploads\/2018\/01\/helga-sanchez-tattoo-viper-piercing-nariz-profesional-castelldefels.jpg' class='lightbox image-item'><img src='https:\/\/tattooviper.com\/wp-content\/uploads\/2018\/01\/helga-sanchez-tattoo-viper-piercing-nariz-profesional-castelldefels-1024x1024.jpg' alt='pearcings castelldefels - Helga Sanchez - tattooviper'  class=''><\/a><\/div>[\/vc_column][\/vc_row][vc_row background_image=&#8221;0&#8243;][vc_column][vc_empty_space][vc_column_text]<a href=\"http:\/\/svfvqqx.cluster100.hosting.ovh.net\/wp-content\/uploads\/2017\/03\/human-rights.png\"><img loading=\"lazy\" decoding=\"async\" class=\"alignnone wp-image-1062 size-thumbnail\" src=\"http:\/\/svfvqqx.cluster100.hosting.ovh.net\/wp-content\/uploads\/2017\/03\/human-rights-150x150.png\" alt=\"piercing lengua surface en lengua, tattoo viper castelldefels\" width=\"150\" height=\"150\" srcset=\"https:\/\/tattooviper.com\/wp-content\/uploads\/2017\/03\/human-rights-150x150.png 150w, https:\/\/tattooviper.com\/wp-content\/uploads\/2017\/03\/human-rights-300x300.png 300w, https:\/\/tattooviper.com\/wp-content\/uploads\/2017\/03\/human-rights-768x768.png 768w, https:\/\/tattooviper.com\/wp-content\/uploads\/2017\/03\/human-rights.png 800w\" sizes=\"auto, (max-width: 150px) 100vw, 150px\" \/><\/a>\u00a0<a href=\"http:\/\/svfvqqx.cluster100.hosting.ovh.net\/wp-content\/uploads\/2014\/04\/020100012.jpg\"><img loading=\"lazy\" decoding=\"async\" class=\"alignnone wp-image-444 size-thumbnail\" src=\"http:\/\/svfvqqx.cluster100.hosting.ovh.net\/wp-content\/uploads\/2014\/04\/020100012-150x150.jpg\" alt=\"piercing-cuello-cogote\" width=\"150\" height=\"150\" \/><\/a>\u00a0<a href=\"http:\/\/svfvqqx.cluster100.hosting.ovh.net\/wp-content\/uploads\/2014\/04\/0201007.jpg\"><img loading=\"lazy\" decoding=\"async\" class=\"alignnone wp-image-441 size-thumbnail\" src=\"http:\/\/svfvqqx.cluster100.hosting.ovh.net\/wp-content\/uploads\/2014\/04\/0201007-150x150.jpg\" alt=\"piercing-nariz-entre-ojos\" width=\"150\" height=\"150\" \/><\/a>\u00a0<a href=\"http:\/\/svfvqqx.cluster100.hosting.ovh.net\/wp-content\/uploads\/2014\/04\/microdermal-en-espalda.jpg\"><img loading=\"lazy\" decoding=\"async\" class=\"alignnone wp-image-442 size-thumbnail\" src=\"http:\/\/svfvqqx.cluster100.hosting.ovh.net\/wp-content\/uploads\/2014\/04\/microdermal-en-espalda-150x150.jpg\" alt=\"microdermal en espalda\" width=\"150\" height=\"150\" \/><\/a>\u00a0<a href=\"http:\/\/svfvqqx.cluster100.hosting.ovh.net\/wp-content\/uploads\/2014\/04\/0201002.jpg\"><img loading=\"lazy\" decoding=\"async\" class=\"alignnone wp-image-440 size-thumbnail\" src=\"http:\/\/svfvqqx.cluster100.hosting.ovh.net\/wp-content\/uploads\/2014\/04\/0201002-150x150.jpg\" alt=\"microdermal cadera\" width=\"150\" height=\"150\" \/><\/a>\u00a0<a href=\"http:\/\/svfvqqx.cluster100.hosting.ovh.net\/wp-content\/uploads\/2014\/04\/Sin-t\u00edtulo-3-copia.jpg\"><img loading=\"lazy\" decoding=\"async\" class=\"alignnone wp-image-438 size-thumbnail\" src=\"http:\/\/svfvqqx.cluster100.hosting.ovh.net\/wp-content\/uploads\/2014\/04\/Sin-t\u00edtulo-3-copia-150x150.jpg\" alt=\"piercing-vulva-clitoris\" width=\"150\" height=\"150\" \/><\/a>\u00a0<a href=\"http:\/\/svfvqqx.cluster100.hosting.ovh.net\/wp-content\/uploads\/2014\/04\/piercing_07.jpg\"><img loading=\"lazy\" decoding=\"async\" class=\"alignnone wp-image-132 size-thumbnail\" src=\"http:\/\/svfvqqx.cluster100.hosting.ovh.net\/wp-content\/uploads\/2014\/04\/piercing_07-150x150.jpg\" alt=\"piercing microdermal frente\" width=\"150\" height=\"150\" \/><\/a>\u00a0<a href=\"http:\/\/svfvqqx.cluster100.hosting.ovh.net\/wp-content\/uploads\/2014\/04\/piercing_03.jpg\"><img loading=\"lazy\" decoding=\"async\" class=\"alignnone wp-image-125 size-thumbnail\" src=\"http:\/\/svfvqqx.cluster100.hosting.ovh.net\/wp-content\/uploads\/2014\/04\/piercing_03-150x150.jpg\" alt=\"piercing co\u00f1o vulva clitoris labios\" width=\"150\" height=\"150\" \/><\/a>\u00a0<a href=\"http:\/\/svfvqqx.cluster100.hosting.ovh.net\/wp-content\/uploads\/2014\/04\/piercing_02.jpg\"><img loading=\"lazy\" decoding=\"async\" class=\"alignnone wp-image-124 size-thumbnail\" src=\"http:\/\/svfvqqx.cluster100.hosting.ovh.net\/wp-content\/uploads\/2014\/04\/piercing_02-150x150.jpg\" alt=\"piercing dilatacion oreja\" width=\"150\" height=\"150\" \/><\/a>\u00a0<a href=\"http:\/\/svfvqqx.cluster100.hosting.ovh.net\/wp-content\/uploads\/2014\/04\/piercing_01.jpg\"><img loading=\"lazy\" decoding=\"async\" class=\"alignnone wp-image-123 size-thumbnail\" src=\"http:\/\/svfvqqx.cluster100.hosting.ovh.net\/wp-content\/uploads\/2014\/04\/piercing_01-150x150.jpg\" alt=\"piercing ceja\" width=\"150\" height=\"150\" \/><\/a>\u00a0<a href=\"http:\/\/svfvqqx.cluster100.hosting.ovh.net\/wp-content\/uploads\/2014\/04\/piercing_04.jpg\"><img loading=\"lazy\" decoding=\"async\" class=\"alignnone wp-image-128 size-thumbnail\" src=\"http:\/\/svfvqqx.cluster100.hosting.ovh.net\/wp-content\/uploads\/2014\/04\/piercing_04-150x150.jpg\" alt=\"piercing oreja\" width=\"150\" height=\"150\" \/><\/a>\u00a0<a href=\"http:\/\/svfvqqx.cluster100.hosting.ovh.net\/wp-content\/uploads\/2014\/04\/piercing_05.jpg\"><img loading=\"lazy\" decoding=\"async\" class=\"alignnone wp-image-129 size-thumbnail\" src=\"http:\/\/svfvqqx.cluster100.hosting.ovh.net\/wp-content\/uploads\/2014\/04\/piercing_05-150x150.jpg\" alt=\"piercing lengua\" width=\"150\" height=\"150\" \/><\/a>[\/vc_column_text][\/vc_column][\/vc_row][vc_row][vc_column][vc_empty_space][\/vc_column][\/vc_row]<\/p>\n<\/div>","protected":false},"excerpt":{"rendered":"<p>[vc_row padding_top=&#8221;0&#8243; background_image=&#8221;0&#8243;][vc_column width=&#8221;1\/4&#8243;][\/vc_column][vc_column width=&#8221;1\/4&#8243;][\/vc_column][vc_column width=&#8221;1\/4&#8243;][\/vc_column][vc_column width=&#8221;1\/4&#8243;][\/vc_column][\/vc_row][vc_row][vc_column][vc_empty_space][\/vc_column][\/vc_row][vc_row padding_top=&#8221;0&#8243; padding_bottom=&#8221;0&#8243; background_image=&#8221;0&#8243;][vc_column width=&#8221;1\/4&#8243;][\/vc_column][vc_column width=&#8221;1\/4&#8243;][\/vc_column][vc_column width=&#8221;1\/4&#8243;][\/vc_column][vc_column width=&#8221;1\/4&#8243;][\/vc_column][\/vc_row][vc_row padding_bottom=&#8221;0&#8243; background_image=&#8221;0&#8243;][vc_column width=&#8221;1\/2&#8243;][vc_column_text][\/vc_column_text][\/vc_column][vc_column width=&#8221;1\/2&#8243;][vc_empty_space][vc_column_text]Es realitzen piercings en tots els llocs del cos. Aqu\u00ed podr\u00e0s veure alguns&#8230;<\/p>\n<p><a rel=\"bookmark\" class=\"more-link wolf-button border-button-accent-hover\" href=\"https:\/\/tattooviper.com\/ca\/piercings\/\">Continue reading &rarr;<\/a><\/p>\n","protected":false},"author":1,"featured_media":0,"parent":0,"menu_order":0,"comment_status":"closed","ping_status":"open","template":"","meta":{"_monsterinsights_skip_tracking":false,"_monsterinsights_sitenote_active":false,"_monsterinsights_sitenote_note":"","_monsterinsights_sitenote_category":0,"_joinchat":[],"footnotes":""},"class_list":["post-15","page","type-page","status-publish","hentry","no-thumbnail","text-only"],"aioseo_notices":[],"_links":{"self":[{"href":"https:\/\/tattooviper.com\/ca\/wp-json\/wp\/v2\/pages\/15","targetHints":{"allow":["GET"]}}],"collection":[{"href":"https:\/\/tattooviper.com\/ca\/wp-json\/wp\/v2\/pages"}],"about":[{"href":"https:\/\/tattooviper.com\/ca\/wp-json\/wp\/v2\/types\/page"}],"author":[{"embeddable":true,"href":"https:\/\/tattooviper.com\/ca\/wp-json\/wp\/v2\/users\/1"}],"replies":[{"embeddable":true,"href":"https:\/\/tattooviper.com\/ca\/wp-json\/wp\/v2\/comments?post=15"}],"version-history":[{"count":89,"href":"https:\/\/tattooviper.com\/ca\/wp-json\/wp\/v2\/pages\/15\/revisions"}],"predecessor-version":[{"id":2157,"href":"https:\/\/tattooviper.com\/ca\/wp-json\/wp\/v2\/pages\/15\/revisions\/2157"}],"wp:attachment":[{"href":"https:\/\/tattooviper.com\/ca\/wp-json\/wp\/v2\/media?parent=15"}],"curies":[{"name":"wp","href":"https:\/\/api.w.org\/{rel}","templated":true}]}}